{"id":2,"date":"2016-01-11T05:45:50","date_gmt":"2016-01-11T05:45:50","guid":{"rendered":"http:\/\/sebastiankaindl.com\/?page_id=2"},"modified":"2016-02-10T14:49:49","modified_gmt":"2016-02-10T14:49:49","slug":"sample-page","status":"publish","type":"page","link":"http:\/\/sebastiankaindl.com\/?page_id=2","title":{"rendered":"Warum dieser Blog?"},"content":{"rendered":"<p>Das Interesse an wirklichem Training und den Fakten dahinter ist hoch . Viele Leute sind auf der Suche nach Wissen, dass sie f\u00fcr ihr Training nutzen k\u00f6nnen. Leider kursieren im Bereich des Kraft- und Athletiktrainings sehr viele falsche Informationen, da die Fitnessindustrie durch Trends und Gimmicks befl\u00fcgelt wird und durch Schwarz &#8211; Weiss &#8211; Denken besticht. Die eigentlichen Grundlagen des Trainings und der Trainingswissenschaft sind jedoch nun mal oft grau.<\/p>\n<p>Dieser Blog soll einzig und alleine Leuten unterst\u00fctzen\u00a0ihr Training zu verbessern, bessere Coaches zu werden und Athleten zu besseren Leistungen zu verhelfen. Es geht hier nicht darum einfach andere Denkweisen und Ans\u00e4tze nieder zu machen, allerdings gibt es auch kein gro\u00dfes Verst\u00e4ndnis f\u00fcr die vielen scheinbar\u00a0logischen und pseudo wissenschaftlichen Informationen die in der Fitnesswelt verbreitet werden.<\/p>\n<p>&nbsp;<\/p>\n","protected":false},"excerpt":{"rendered":"<p>Das Interesse an wirklichem Training und den Fakten dahinter ist hoch . Viele Leute sind auf der Suche nach Wissen, dass sie f\u00fcr ihr Training nutzen k\u00f6nnen. Leider kursieren im Bereich des Kraft- und Athletiktrainings sehr viele falsche Informationen, da die Fitnessindustrie durch Trends und Gimmicks befl\u00fcgelt wird und durch Schwarz &#8211; Weiss &#8211; Denken &hellip; <a href=\"http:\/\/sebastiankaindl.com\/?page_id=2\" class=\"more-link\"><span class=\"screen-reader-text\">Warum dieser Blog?<\/span> weiterlesen <span class=\"meta-nav\">&rarr;<\/span><\/a><\/p>\n","protected":false},"author":1,"featured_media":15,"parent":0,"menu_order":0,"comment_status":"closed","ping_status":"open","template":"","meta":[],"_links":{"self":[{"href":"http:\/\/sebastiankaindl.com\/index.php?rest_route=\/wp\/v2\/pages\/2"}],"collection":[{"href":"http:\/\/sebastiankaindl.com\/index.php?rest_route=\/wp\/v2\/pages"}],"about":[{"href":"http:\/\/sebastiankaindl.com\/index.php?rest_route=\/wp\/v2\/types\/page"}],"author":[{"embeddable":true,"href":"http:\/\/sebastiankaindl.com\/index.php?rest_route=\/wp\/v2\/users\/1"}],"replies":[{"embeddable":true,"href":"http:\/\/sebastiankaindl.com\/index.php?rest_route=%2Fwp%2Fv2%2Fcomments&post=2"}],"version-history":[{"count":2,"href":"http:\/\/sebastiankaindl.com\/index.php?rest_route=\/wp\/v2\/pages\/2\/revisions"}],"predecessor-version":[{"id":40,"href":"http:\/\/sebastiankaindl.com\/index.php?rest_route=\/wp\/v2\/pages\/2\/revisions\/40"}],"wp:featuredmedia":[{"embeddable":true,"href":"http:\/\/sebastiankaindl.com\/index.php?rest_route=\/wp\/v2\/media\/15"}],"wp:attachment":[{"href":"http:\/\/sebastiankaindl.com\/index.php?rest_route=%2Fwp%2Fv2%2Fmedia&parent=2"}],"curies":[{"name":"wp","href":"https:\/\/api.w.org\/{rel}","templated":true}]}}